{"id":57,"date":"2026-04-11T20:07:51","date_gmt":"2026-04-11T20:07:51","guid":{"rendered":"https:\/\/ayasacha.com\/?page_id=57"},"modified":"2026-04-19T16:42:44","modified_gmt":"2026-04-19T16:42:44","slug":"espoch","status":"publish","type":"page","link":"https:\/\/ayasacha.com\/?page_id=57","title":{"rendered":"ESPOCH"},"content":{"rendered":"\n<div class=\"wp-block-columns is-layout-flex wp-container-core-columns-is-layout-9d6595d7 wp-block-columns-is-layout-flex\">\n<div class=\"wp-block-column is-layout-flow wp-block-column-is-layout-flow\" style=\"flex-basis:66.66%\">\n<h2 class=\"wp-block-heading\">The ESPOCH Project<\/h2>\n\n\n\n<p>The <a href=\"https:\/\/www.espoch.edu.ec\/home\/\" target=\"_blank\" rel=\"noreferrer noopener\">Escuela Superior Polit\u00e9cnica de Chimborazo (ESPOCH)<\/a> is a public university based in Riobamba, Ecuador. The institution is particularly known for its work in the Andean flanks and neotropical ecosystems, where it advances conservation, biodiversity research, and sustainable land management. Through field-based research and international partnerships, ESPOCH plays a key role in protecting critical habitats while supporting community-driven conservation initiatives.<\/p>\n\n\n\n<p>Through Project DDIPI-004, contributors Jhony F. Cruz Rom\u00e0n, C. Renato Ch\u00e0vez Vel\u00e0squez, Fausto O. Sarmiento, Jos\u00e8 A. S\u00e0nchez-Agudo, Alba M Sinaluisa Pilco, L. Felipe Lema Palaquibay, Daniel Cordova Lliquin, Sidney Eigenman, Chadley Hollas, and Ricardo Hern\u00e0ndez-Lambrano have been conducting concrete research in the area\u2019s nature and culture to strengthen socio-ecological resilience and promote conservation. Scroll to learn more about their research!<\/p>\n<\/div>\n\n\n\n<div class=\"wp-block-column is-layout-flow wp-block-column-is-layout-flow\" style=\"flex-basis:33.33%\"><div class=\"wp-block-image\">\n<figure class=\"aligncenter size-large is-resized\"><img loading=\"lazy\" decoding=\"async\" width=\"81\" height=\"76\" src=\"https:\/\/ayasacha.com\/wp-content\/uploads\/2026\/04\/Llamas_Red.svg\" alt=\"\" class=\"wp-image-39\" style=\"aspect-ratio:1.2392254840724548;width:312px;height:auto\"\/><\/figure>\n<\/div><\/div>\n<\/div>\n\n\n<div class=\"wp-block-image\">\n<figure class=\"aligncenter size-large is-resized\"><img loading=\"lazy\" decoding=\"async\" width=\"383\" height=\"18\" src=\"https:\/\/ayasacha.com\/wp-content\/uploads\/2026\/04\/underline_YRB.svg\" alt=\"\" class=\"wp-image-137\" style=\"aspect-ratio:20.689655172413794;width:1178px;height:auto\"\/><\/figure>\n<\/div>\n\n\n<h2 style=\"opacity: 0;\" superb-addons-animation=\"slideInUp\" class=\"wp-block-heading has-text-align-center\">Research Highlights<\/h2>\n\n\n\n<div style=\"opacity: 0;\" superb-addons-animation=\"slideInUp\" class=\"wp-block-columns is-layout-flex wp-container-core-columns-is-layout-9d6595d7 wp-block-columns-is-layout-flex\">\n<div class=\"wp-block-column is-layout-flow wp-block-column-is-layout-flow\"><div class=\"wp-block-image\">\n<figure class=\"aligncenter size-large is-resized\"><a href=\"https:\/\/dspace.espoch.edu.ec\/items\/3897283f-8aec-4210-9e48-a9bfdf346b4b\" target=\"_blank\" rel=\" noreferrer noopener\"><img decoding=\"async\" src=\"https:\/\/taylorryan-tryin.com\/capstone\/wp-content\/uploads\/2026\/03\/Basket_Orange.svg\" alt=\"\" class=\"wp-image-284\" style=\"aspect-ratio:1.2392254840724548;width:259px;height:auto\"\/><\/a><\/figure>\n<\/div>\n\n\n<h3 class=\"wp-block-heading has-text-align-center\"><a href=\"https:\/\/dspace.espoch.edu.ec\/items\/3897283f-8aec-4210-9e48-a9bfdf346b4b\">Tourism Potential Assessment<\/a><\/h3>\n\n\n\n<p class=\"has-text-align-center\"><a href=\"https:\/\/dspace.espoch.edu.ec\/items\/3897283f-8aec-4210-9e48-a9bfdf346b4b\" target=\"_blank\" rel=\"noreferrer noopener\">A study of the parish\u2019s cultural and infrastructural potential\/resources to determine the area\u2019s potential for tourism as a means of economic stimulation.<\/a><\/p>\n<\/div>\n\n\n\n<div class=\"wp-block-column is-layout-flow wp-block-column-is-layout-flow\"><div class=\"wp-block-image\">\n<figure class=\"aligncenter size-large is-resized\"><a href=\"https:\/\/dspace.espoch.edu.ec\/items\/7d990232-5b35-4b04-830d-1040da91f15f\" target=\"_blank\" rel=\" noreferrer noopener\"><img loading=\"lazy\" decoding=\"async\" width=\"73\" height=\"82\" src=\"https:\/\/ayasacha.com\/wp-content\/uploads\/2026\/04\/Corn_Yellow.svg\" alt=\"\" class=\"wp-image-29\" style=\"aspect-ratio:1.0436227669297882;width:217px;height:auto\"\/><\/a><\/figure>\n<\/div>\n\n\n<h3 class=\"wp-block-heading has-text-align-center\"><a href=\"https:\/\/dspace.espoch.edu.ec\/items\/7d990232-5b35-4b04-830d-1040da91f15f\" target=\"_blank\" rel=\"noreferrer noopener\">Ethnobotanical Studies<\/a><\/h3>\n\n\n\n<p class=\"has-text-align-center\"><a href=\"https:\/\/dspace.espoch.edu.ec\/items\/7d990232-5b35-4b04-830d-1040da91f15f\" target=\"_blank\" rel=\"noreferrer noopener\">Research to discover and catalogue unique species of the Parish and document their ecological and cultural uses.<\/a><\/p>\n<\/div>\n\n\n\n<div class=\"wp-block-column is-layout-flow wp-block-column-is-layout-flow\"><div class=\"wp-block-image\">\n<figure class=\"aligncenter size-large is-resized\"><a href=\"https:\/\/dspace.espoch.edu.ec\/items\/4ae6f84e-2e44-4421-a4c1-d20c4322fd5d\" target=\"_blank\" rel=\" noreferrer noopener\"><img loading=\"lazy\" decoding=\"async\" width=\"89\" height=\"72\" src=\"https:\/\/ayasacha.com\/wp-content\/uploads\/2026\/04\/Mountains_Green.svg\" alt=\"\" class=\"wp-image-18\" style=\"aspect-ratio:0.889074576979319;width:192px;height:auto\"\/><\/a><\/figure>\n<\/div>\n\n\n<h3 class=\"wp-block-heading has-text-align-center\"><a href=\"https:\/\/dspace.espoch.edu.ec\/items\/4ae6f84e-2e44-4421-a4c1-d20c4322fd5d\" target=\"_blank\" rel=\"noreferrer noopener\">Climate Characterization<\/a><\/h3>\n\n\n\n<p class=\"has-text-align-center\"><a href=\"https:\/\/dspace.espoch.edu.ec\/items\/4ae6f84e-2e44-4421-a4c1-d20c4322fd5d\" target=\"_blank\" rel=\"noreferrer noopener\">A compilation and analysis of ArcGIS climate data from the area to make inferences about future evolutions and inform future land planning decisions.<\/a><\/p>\n<\/div>\n<\/div>\n","protected":false},"excerpt":{"rendered":"<p>The ESPOCH Project The Escuela Superior Polit\u00e9cnica de Chimborazo (ESPOCH) is a public university based in Riobamba, Ecuador. The institution is particularly known for its work in the Andean flanks and neotropical ecosystems, where it advances conservation, biodiversity research, and sustainable land management. Through field-based research and international partnerships, ESPOCH plays a key role in&#8230;<\/p>\n","protected":false},"author":2,"featured_media":0,"parent":0,"menu_order":0,"comment_status":"closed","ping_status":"closed","template":"","meta":{"_kad_post_transparent":"","_kad_post_title":"","_kad_post_layout":"","_kad_post_sidebar_id":"","_kad_post_content_style":"","_kad_post_vertical_padding":"","_kad_post_feature":"","_kad_post_feature_position":"","_kad_post_header":false,"_kad_post_footer":false,"_kad_post_classname":"","footnotes":""},"class_list":["post-57","page","type-page","status-publish","hentry"],"brizy_media":[],"_links":{"self":[{"href":"https:\/\/ayasacha.com\/index.php?rest_route=\/wp\/v2\/pages\/57","targetHints":{"allow":["GET"]}}],"collection":[{"href":"https:\/\/ayasacha.com\/index.php?rest_route=\/wp\/v2\/pages"}],"about":[{"href":"https:\/\/ayasacha.com\/index.php?rest_route=\/wp\/v2\/types\/page"}],"author":[{"embeddable":true,"href":"https:\/\/ayasacha.com\/index.php?rest_route=\/wp\/v2\/users\/2"}],"replies":[{"embeddable":true,"href":"https:\/\/ayasacha.com\/index.php?rest_route=%2Fwp%2Fv2%2Fcomments&post=57"}],"version-history":[{"count":5,"href":"https:\/\/ayasacha.com\/index.php?rest_route=\/wp\/v2\/pages\/57\/revisions"}],"predecessor-version":[{"id":164,"href":"https:\/\/ayasacha.com\/index.php?rest_route=\/wp\/v2\/pages\/57\/revisions\/164"}],"wp:attachment":[{"href":"https:\/\/ayasacha.com\/index.php?rest_route=%2Fwp%2Fv2%2Fmedia&parent=57"}],"curies":[{"name":"wp","href":"https:\/\/api.w.org\/{rel}","templated":true}]}}